{"id":1122,"date":"2022-07-25T22:22:35","date_gmt":"2022-07-25T22:22:35","guid":{"rendered":"https:\/\/solfinexs.com\/?page_id=1122"},"modified":"2022-07-25T22:53:05","modified_gmt":"2022-07-25T22:53:05","slug":"contacto-copy","status":"publish","type":"page","link":"https:\/\/solfinexs.com\/?page_id=1122","title":{"rendered":"Consejos"},"content":{"rendered":"\n<h1>\n\t\t10 consejos para tus finanzas personales\n\t<\/h1>\n\t\t\t\t<img loading=\"lazy\" decoding=\"async\" src=\"https:\/\/solfinexs.com\/wp-content\/uploads\/2022\/07\/pexels-yan-krukov-7698916-scaled.jpg\" alt=\"Foto de Yan Krukov: https:\/\/www.pexels.com\/es-es\/foto\/persona-mujer-escritorio-escritura-7698916\/\" itemprop=\"image\" height=\"1707\" width=\"2560\" title=\"Foto de Yan Krukov\" onerror=\"this.style.display='none'\"  \/>\n\t<h4>\n\t\t\t\t\tAma tu dinero, pero no te obsesiones con el. Gu\u00e1rdalo, ahorra e invierte.\n\t\t\t\t<\/h4>\n\t\t\t<p>Nuestra vida es solo un espacio de tiempo determinado en un mundo de constante flujo, Para conseguir Dinero debemos invertir tiempo y conocimiento, Es decir que en cada moneda o peso que ganamos hay parte de nuestra vida invertida, el no amarlo es no quererse a si mismo, es una relaci\u00f3n de nuestra autopercepci\u00f3n.<\/p>\n\t<h4>\n\t\t\t\t\tPagate a ti mismo.\n\t\t\t\t<\/h4>\n\t\t\t<p>Es una cuesti\u00f3n de motivaci\u00f3n, con el pasar del tiempo si no existe el auto pago, se perder\u00e1n las ganas de conseguir dinero.<\/p>\n\t<h4>\n\t\t\t\t\tAprende a decir NO.\n\t\t\t\t<\/h4>\n\t\t\t<p>En especial a ti mismo, esas sencillas dos letras pueden ahorrarte el dinero que no te<br \/>imaginas, aprende a usarlas como el arma que te ayudara a eliminar problemas futuros.<\/p>\n\t<h4>\n\t\t\t\t\tHaz un presupuesto y apegate a el.\n\t\t\t\t<\/h4>\n\t\t\t<p>Ya sea en papel o cualquier medio. 70% (gastos de subsistencia)+ 20%(deudas) +10% (ahorro). En el Mundo ideal este ser\u00eda el esquema ganador. Pero la vida es de muchos cambios trata de buscar el equilibrio financiero y logra tu propio esquema ganador.<\/p>\n\t<h4>\n\t\t\t\t\tHaz un balance trimestral o semestral.\n\t\t\t\t<\/h4>\n\t\t\t<p>Somos una empresa unipersonal porque no revisar como estamos actualmente de ingresos cuanto generamos al a\u00f1o para tomar medidas de autocorrecciones financieras.<\/p>\n\t<h4>\n\t\t\t\t\tAprende sobre los tipos de deudas\n\t\t\t\t<\/h4>\n\t\t\t<p><strong>Buenas, malas, emergencias. <\/strong>Los gastos, las inversiones aprenden a identificar cada uno antes de tomar las decisiones financieras que puede afectar tu vida. No permitas que un gasto de emergencia derrumbe todos tus logros y tus sue\u00f1os.<\/p>\n\t<h4>\n\t\t\t\t\tPrograma tus compras\n\t\t\t\t<\/h4>\n\t\t\t<p><strong>\u00bfEs realmente necesario? \u00bfLo necesitas en este momento? <\/strong>No seas esclavos del deseo y de las adicciones, Espera el momento adecuado en el mercado para hacer esa compra que deseas.<\/p>\n\t<h4>\n\t\t\t\t\tDomina tus emociones\n\t\t\t\t<\/h4>\n\t\t\t<p>Aprende a desarrollar tu inteligencia financiera, ed\u00facate financieramente, para poder controlar eso deseos y emociones que te impulsan a tomar malas decisiones financieras.<\/p>\n\t<h4>\n\t\t\t\t\tTen un fondo de emergencia (mide tu posici\u00f3n de riqueza)\n\t\t\t\t<\/h4>\n\t\t\t<p>Es bueno analizar en caso de una emergencia cuanto y en que tiempo podemos hacer efectivo nuestro patrimonio.<\/p>\n\t<h4>\n\t\t\t\t\tAsegura lo que m\u00e1s quieres\n\t\t\t\t<\/h4>\n\t\t\t<p><strong>Asegura tu patrimonio y el de tu familia.\u00a0<\/strong>As\u00ed como nacimos estamos condenados a desaparecer, analiza en caso de que ya no est\u00e9s que pasar\u00eda con tus seres queridos con tu patrimonio, seria siendo igual, la muerte puede llegar a tu puerta en cualquier momento.<\/p>\n\n","protected":false},"excerpt":{"rendered":"<p>10 consejos para tus finanzas personales Ama tu dinero, pero no te obsesiones con el. Gu\u00e1rdalo, ahorra e invierte. Nuestra vida es solo un espacio de tiempo determinado en un mundo de constante flujo, Para conseguir Dinero debemos invertir tiempo y conocimiento, Es decir que en cada moneda o peso que ganamos hay parte de [&hellip;]<\/p>\n","protected":false},"author":1,"featured_media":0,"parent":0,"menu_order":0,"comment_status":"closed","ping_status":"closed","template":"","meta":{"site-sidebar-layout":"no-sidebar","site-content-layout":"page-builder","ast-site-content-layout":"default","site-content-style":"default","site-sidebar-style":"default","ast-global-header-display":"","ast-banner-title-visibility":"","ast-main-header-display":"","ast-hfb-above-header-display":"","ast-hfb-below-header-display":"","ast-hfb-mobile-header-display":"","site-post-title":"disabled","ast-breadcrumbs-content":"disabled","ast-featured-img":"disabled","footer-sml-layout":"","theme-transparent-header-meta":"enabled","adv-header-id-meta":"","stick-header-meta":"","header-above-stick-meta":"","header-main-stick-meta":"","header-below-stick-meta":"","astra-migrate-meta-layouts":"default","ast-page-background-enabled":"default","ast-page-background-meta":{"desktop":{"background-color":"","background-image":"","background-repeat":"repeat","background-position":"center center","background-size":"auto","background-attachment":"scroll","background-type":"","background-media":"","overlay-type":"","overlay-color":"","overlay-opacity":"","overlay-gradient":""},"tablet":{"background-color":"","background-image":"","background-repeat":"repeat","background-position":"center center","background-size":"auto","background-attachment":"scroll","background-type":"","background-media":"","overlay-type":"","overlay-color":"","overlay-opacity":"","overlay-gradient":""},"mobile":{"background-color":"","background-image":"","background-repeat":"repeat","background-position":"center center","background-size":"auto","background-attachment":"scroll","background-type":"","background-media":"","overlay-type":"","overlay-color":"","overlay-opacity":"","overlay-gradient":""}},"ast-content-background-meta":{"desktop":{"background-color":"var(--ast-global-color-5)","background-image":"","background-repeat":"repeat","background-position":"center center","background-size":"auto","background-attachment":"scroll","background-type":"","background-media":"","overlay-type":"","overlay-color":"","overlay-opacity":"","overlay-gradient":""},"tablet":{"background-color":"var(--ast-global-color-5)","background-image":"","background-repeat":"repeat","background-position":"center center","background-size":"auto","background-attachment":"scroll","background-type":"","background-media":"","overlay-type":"","overlay-color":"","overlay-opacity":"","overlay-gradient":""},"mobile":{"background-color":"var(--ast-global-color-5)","background-image":"","background-repeat":"repeat","background-position":"center center","background-size":"auto","background-attachment":"scroll","background-type":"","background-media":"","overlay-type":"","overlay-color":"","overlay-opacity":"","overlay-gradient":""}},"footnotes":""},"class_list":["post-1122","page","type-page","status-publish","hentry"],"_links":{"self":[{"href":"https:\/\/solfinexs.com\/index.php?rest_route=\/wp\/v2\/pages\/1122","targetHints":{"allow":["GET"]}}],"collection":[{"href":"https:\/\/solfinexs.com\/index.php?rest_route=\/wp\/v2\/pages"}],"about":[{"href":"https:\/\/solfinexs.com\/index.php?rest_route=\/wp\/v2\/types\/page"}],"author":[{"embeddable":true,"href":"https:\/\/solfinexs.com\/index.php?rest_route=\/wp\/v2\/users\/1"}],"replies":[{"embeddable":true,"href":"https:\/\/solfinexs.com\/index.php?rest_route=%2Fwp%2Fv2%2Fcomments&post=1122"}],"version-history":[{"count":3,"href":"https:\/\/solfinexs.com\/index.php?rest_route=\/wp\/v2\/pages\/1122\/revisions"}],"predecessor-version":[{"id":1126,"href":"https:\/\/solfinexs.com\/index.php?rest_route=\/wp\/v2\/pages\/1122\/revisions\/1126"}],"wp:attachment":[{"href":"https:\/\/solfinexs.com\/index.php?rest_route=%2Fwp%2Fv2%2Fmedia&parent=1122"}],"curies":[{"name":"wp","href":"https:\/\/api.w.org\/{rel}","templated":true}]}}