{"id":968,"date":"2021-04-17T04:49:59","date_gmt":"2021-04-17T04:49:59","guid":{"rendered":"http:\/\/solfinexs.com\/?page_id=968"},"modified":"2025-09-25T12:26:52","modified_gmt":"2025-09-25T12:26:52","slug":"home","status":"publish","type":"page","link":"https:\/\/solfinexs.com\/","title":{"rendered":"Inicio"},"content":{"rendered":"\n\n\t\t\t<h1>\n\t\t\t\t\tExpertos en finanzas.\n\t\t\t\t<\/h1>\n\t<p>Comenzamos a operar prestando un buen servicio de gesti\u00f3n y asesor\u00eda de calidad a nuestros clientes.<\/p>\n<p>Brindamos soluciones <strong>financieras<\/strong> proyectadas y perfiladas a un mejor futuro, enfocadas en darle una respuesta a cada una de tus necesidades.<\/p>\n\t\t\t<a href=\"https:\/\/solfinexs.com\/?page_id=983\" target=\"_self\">\n\t\t\t\t\t\t\tSolicitar Asesor\u00eda\n\t\t\t\t\t<\/a>\n<h2>\n\t\t\tAcerca de nosotros\t<\/h2>\n<h6>\n\t\t\tNosotros creemos en las segundas oportunidades\t<\/h6>\n\t<p>Somos una empresa dedicada a la prestaci\u00f3n de soluciones financieras confiables y diversas, de acuerdo a las necesidades de nuestros clientes, para ello contamos con un equipo de profesionales expertos, amplios recursos y convenios especializados.<\/p>\n<p>Estamos comprometidos con la transformaci\u00f3n de la vida financiera de nuestros clientes, brindando oportunidades laborales, asegurando la sostenibilidad del negocio y una relaci\u00f3n de mutuo beneficio con nuestros proveedores e inversionistas.<\/p>\n\t\t\t\t<img decoding=\"async\" src=\"https:\/\/solfinexs.com\/wp-content\/uploads\/2021\/02\/business-consulting-hero-img-bg-1024x512.jpg\" alt=\"business-consulting-hero-img-bg\" itemprop=\"image\" height=\"512\" width=\"1024\" title=\"business-consulting-hero-img-bg\" onerror=\"this.style.display='none'\" loading=\"lazy\" \/>\n<h6>\n\t\t\tLa seguridad de tener una soluci\u00f3n\t<\/h6>\n\t<p>Contamos con un equipo de profesionales expertos que nos permiten asegurarle asesor\u00eda especializada, acompa\u00f1amiento y respaldo permanente en sus tramites, lo que finalmente se refleja en la mejora de las finanzas y tranquilidad de nuestros clientes.<\/p>\n<h2>\n\t\t\tNuestros Servicios\t<\/h2>\n<h6>\n\t\t\tTu tranquilidad es nuestro compromiso\t<\/h6>\n\t\t\t<h3>\n\t\t\t\t\tCr\u00e9dito de Libranzas\n\t\t\t\t<\/h3>\n\t\t\t<p>Sabemos los beneficios y riesgos al adquirir un cr\u00e9dito de libranza, ofrecemos asesor\u00eda bas\u00e1ndonos en la experiencia y conocimientos que poseemos, lo cual te brindara la oportunidad de darle firmeza a su estructura financiera, garantizando sus metas a corto plazo y impulsando su visi\u00f3n a largo plazo.<\/p>\n\t\t\t<h3>\n\t\t\t\t\tMicrocr\u00e9dito y Cr\u00e9dito de Libre Inversi\u00f3n\n\t\t\t\t<\/h3>\n\t\t\t<p>Parte de nuestro trabajo es saber que sus proyectos y metas tienen un valor inmedible, aunque no sea as\u00ed para la Banca,<br \/>por eso buscamos la mejor soluci\u00f3n para financiar sus proyectos.<\/p>\n\t\t\t<h3>\n\t\t\t\t\tSaneamiento Financiero\n\t\t\t\t<\/h3>\n\t\t\t<p>Todos merecemos una segunda oportunidad, por esta raz\u00f3n ponemos a su disposici\u00f3n nuestro conocimiento,\u00a0 experiencia y recursos para llevarlo por un nuevo y mejor camino.<\/p>\n\t\t\t<h3>\n\t\t\t\t\tCr\u00e9dito por D\u00e9bito Autom\u00e1tico\n\t\t\t\t<\/h3>\n\t\t\t<p>Para los clientes que no poseen capacidad de pago en su colilla o no quieren afectar su desprendible de pago, tenemos la posibilidad de hacer un cr\u00e9dito con descuento a su cuenta bancaria.<\/p>\n\n","protected":false},"excerpt":{"rendered":"<p>Expertos en finanzas. Comenzamos a operar prestando un buen servicio de gesti\u00f3n y asesor\u00eda de calidad a nuestros clientes. Brindamos soluciones financieras proyectadas y perfiladas a un mejor futuro, enfocadas en darle una respuesta a cada una de tus necesidades. Solicitar Asesor\u00eda Acerca de nosotros Nosotros creemos en las segundas oportunidades Somos una empresa dedicada [&hellip;]<\/p>\n","protected":false},"author":1,"featured_media":0,"parent":0,"menu_order":0,"comment_status":"closed","ping_status":"closed","template":"","meta":{"site-sidebar-layout":"no-sidebar","site-content-layout":"page-builder","ast-site-content-layout":"full-width-container","site-content-style":"unboxed","site-sidebar-style":"unboxed","ast-global-header-display":"","ast-banner-title-visibility":"","ast-main-header-display":"","ast-hfb-above-header-display":"","ast-hfb-below-header-display":"","ast-hfb-mobile-header-display":"","site-post-title":"disabled","ast-breadcrumbs-content":"disabled","ast-featured-img":"disabled","footer-sml-layout":"","theme-transparent-header-meta":"enabled","adv-header-id-meta":"","stick-header-meta":"","header-above-stick-meta":"","header-main-stick-meta":"","header-below-stick-meta":"","astra-migrate-meta-layouts":"set","ast-page-background-enabled":"default","ast-page-background-meta":{"desktop":{"background-color":"","background-image":"","background-repeat":"repeat","background-position":"center center","background-size":"auto","background-attachment":"scroll","background-type":"","background-media":"","overlay-type":"","overlay-color":"","overlay-opacity":"","overlay-gradient":""},"tablet":{"background-color":"","background-image":"","background-repeat":"repeat","background-position":"center center","background-size":"auto","background-attachment":"scroll","background-type":"","background-media":"","overlay-type":"","overlay-color":"","overlay-opacity":"","overlay-gradient":""},"mobile":{"background-color":"","background-image":"","background-repeat":"repeat","background-position":"center center","background-size":"auto","background-attachment":"scroll","background-type":"","background-media":"","overlay-type":"","overlay-color":"","overlay-opacity":"","overlay-gradient":""}},"ast-content-background-meta":{"desktop":{"background-color":"var(--ast-global-color-5)","background-image":"","background-repeat":"repeat","background-position":"center center","background-size":"auto","background-attachment":"scroll","background-type":"","background-media":"","overlay-type":"","overlay-color":"","overlay-opacity":"","overlay-gradient":""},"tablet":{"background-color":"var(--ast-global-color-5)","background-image":"","background-repeat":"repeat","background-position":"center center","background-size":"auto","background-attachment":"scroll","background-type":"","background-media":"","overlay-type":"","overlay-color":"","overlay-opacity":"","overlay-gradient":""},"mobile":{"background-color":"var(--ast-global-color-5)","background-image":"","background-repeat":"repeat","background-position":"center center","background-size":"auto","background-attachment":"scroll","background-type":"","background-media":"","overlay-type":"","overlay-color":"","overlay-opacity":"","overlay-gradient":""}},"footnotes":""},"class_list":["post-968","page","type-page","status-publish","hentry"],"_links":{"self":[{"href":"https:\/\/solfinexs.com\/index.php?rest_route=\/wp\/v2\/pages\/968","targetHints":{"allow":["GET"]}}],"collection":[{"href":"https:\/\/solfinexs.com\/index.php?rest_route=\/wp\/v2\/pages"}],"about":[{"href":"https:\/\/solfinexs.com\/index.php?rest_route=\/wp\/v2\/types\/page"}],"author":[{"embeddable":true,"href":"https:\/\/solfinexs.com\/index.php?rest_route=\/wp\/v2\/users\/1"}],"replies":[{"embeddable":true,"href":"https:\/\/solfinexs.com\/index.php?rest_route=%2Fwp%2Fv2%2Fcomments&post=968"}],"version-history":[{"count":18,"href":"https:\/\/solfinexs.com\/index.php?rest_route=\/wp\/v2\/pages\/968\/revisions"}],"predecessor-version":[{"id":1139,"href":"https:\/\/solfinexs.com\/index.php?rest_route=\/wp\/v2\/pages\/968\/revisions\/1139"}],"wp:attachment":[{"href":"https:\/\/solfinexs.com\/index.php?rest_route=%2Fwp%2Fv2%2Fmedia&parent=968"}],"curies":[{"name":"wp","href":"https:\/\/api.w.org\/{rel}","templated":true}]}}