{"id":983,"date":"2021-04-18T04:28:06","date_gmt":"2021-04-18T04:28:06","guid":{"rendered":"http:\/\/solfinexs.com\/?page_id=983"},"modified":"2023-04-10T12:48:24","modified_gmt":"2023-04-10T12:48:24","slug":"contacto","status":"publish","type":"page","link":"https:\/\/solfinexs.com\/?page_id=983","title":{"rendered":"Contacto"},"content":{"rendered":"\n<h1>\n\t\tContacto\n\t<\/h1>\n\t<h6>\n\t\t\t\t\tOficina\n\t\t\t\t<\/h6>\n\t<h4>\n\t\t\t\t\tCalle 31 N\u00ba 4 &#8211; 47 Oficina 701 Edificio Los Ejecutivos, Monter\u00eda, C\u00f3rdoba\n\t\t\t\t<\/h4>\n\t<h6>\n\t\t\t\t\tTel\u00e9fono\n\t\t\t\t<\/h6>\n\t<h4>\n\t\t\t\t\t+57 324 274 8470\n\t\t\t\t<\/h4>\n\t<h6>\n\t\t\t\t\tEmail\n\t\t\t\t<\/h6>\n\t<h4>\n\t\t\t\t\tcontacto@solfinexs.com\n\t\t\t\t<\/h4>\n\t<p><iframe src=\"https:\/\/www.google.com\/maps\/embed?pb=!1m18!1m12!1m3!1d465.2487361508612!2d-75.88419911966265!3d8.75683943205727!2m3!1f0!2f0!3f0!3m2!1i1024!2i768!4f13.1!3m3!1m2!1s0x8e5a2fef6b92736f%3A0xe5ff6b52e79eedf1!2sEdificio%20Centro%20De%20Ejecutivos!5e0!3m2!1ses-419!2sco!4v1681130745057!5m2!1ses-419!2sco\" width=\"600\" height=\"450\" allowfullscreen=\"\" loading=\"lazy\" referrerpolicy=\"no-referrer-when-downgrade\"><\/iframe><\/p>\n\t<h6>\n\t\t\t\t\t\u00bfNecesitas una asesor\u00eda?\n\t\t\t\t<\/h6>\n\t<h2>\n\t\t\t\t\tNuestros expertos est\u00e1n esperando para asesorarte\n\t\t\t\t<\/h2>\n\t\t\t<p>Llego el momento de mejorar tus finanzas con nuestro apoyo y experiencia te llevaremos por el camino correcto.<\/p>\n\n","protected":false},"excerpt":{"rendered":"<p>Contacto Oficina Calle 31 N\u00ba 4 &#8211; 47 Oficina 701 Edificio Los Ejecutivos, Monter\u00eda, C\u00f3rdoba Tel\u00e9fono +57 324 274 8470 Email contacto@solfinexs.com \u00bfNecesitas una asesor\u00eda? Nuestros expertos est\u00e1n esperando para asesorarte Llego el momento de mejorar tus finanzas con nuestro apoyo y experiencia te llevaremos por el camino correcto.<\/p>\n","protected":false},"author":1,"featured_media":0,"parent":0,"menu_order":0,"comment_status":"closed","ping_status":"closed","template":"","meta":{"site-sidebar-layout":"no-sidebar","site-content-layout":"page-builder","ast-site-content-layout":"default","site-content-style":"default","site-sidebar-style":"default","ast-global-header-display":"","ast-banner-title-visibility":"","ast-main-header-display":"","ast-hfb-above-header-display":"","ast-hfb-below-header-display":"","ast-hfb-mobile-header-display":"","site-post-title":"disabled","ast-breadcrumbs-content":"disabled","ast-featured-img":"disabled","footer-sml-layout":"","theme-transparent-header-meta":"enabled","adv-header-id-meta":"","stick-header-meta":"","header-above-stick-meta":"","header-main-stick-meta":"","header-below-stick-meta":"","astra-migrate-meta-layouts":"default","ast-page-background-enabled":"default","ast-page-background-meta":{"desktop":{"background-color":"","background-image":"","background-repeat":"repeat","background-position":"center center","background-size":"auto","background-attachment":"scroll","background-type":"","background-media":"","overlay-type":"","overlay-color":"","overlay-opacity":"","overlay-gradient":""},"tablet":{"background-color":"","background-image":"","background-repeat":"repeat","background-position":"center center","background-size":"auto","background-attachment":"scroll","background-type":"","background-media":"","overlay-type":"","overlay-color":"","overlay-opacity":"","overlay-gradient":""},"mobile":{"background-color":"","background-image":"","background-repeat":"repeat","background-position":"center center","background-size":"auto","background-attachment":"scroll","background-type":"","background-media":"","overlay-type":"","overlay-color":"","overlay-opacity":"","overlay-gradient":""}},"ast-content-background-meta":{"desktop":{"background-color":"var(--ast-global-color-5)","background-image":"","background-repeat":"repeat","background-position":"center center","background-size":"auto","background-attachment":"scroll","background-type":"","background-media":"","overlay-type":"","overlay-color":"","overlay-opacity":"","overlay-gradient":""},"tablet":{"background-color":"var(--ast-global-color-5)","background-image":"","background-repeat":"repeat","background-position":"center center","background-size":"auto","background-attachment":"scroll","background-type":"","background-media":"","overlay-type":"","overlay-color":"","overlay-opacity":"","overlay-gradient":""},"mobile":{"background-color":"var(--ast-global-color-5)","background-image":"","background-repeat":"repeat","background-position":"center center","background-size":"auto","background-attachment":"scroll","background-type":"","background-media":"","overlay-type":"","overlay-color":"","overlay-opacity":"","overlay-gradient":""}},"footnotes":""},"class_list":["post-983","page","type-page","status-publish","hentry"],"_links":{"self":[{"href":"https:\/\/solfinexs.com\/index.php?rest_route=\/wp\/v2\/pages\/983","targetHints":{"allow":["GET"]}}],"collection":[{"href":"https:\/\/solfinexs.com\/index.php?rest_route=\/wp\/v2\/pages"}],"about":[{"href":"https:\/\/solfinexs.com\/index.php?rest_route=\/wp\/v2\/types\/page"}],"author":[{"embeddable":true,"href":"https:\/\/solfinexs.com\/index.php?rest_route=\/wp\/v2\/users\/1"}],"replies":[{"embeddable":true,"href":"https:\/\/solfinexs.com\/index.php?rest_route=%2Fwp%2Fv2%2Fcomments&post=983"}],"version-history":[{"count":9,"href":"https:\/\/solfinexs.com\/index.php?rest_route=\/wp\/v2\/pages\/983\/revisions"}],"predecessor-version":[{"id":1130,"href":"https:\/\/solfinexs.com\/index.php?rest_route=\/wp\/v2\/pages\/983\/revisions\/1130"}],"wp:attachment":[{"href":"https:\/\/solfinexs.com\/index.php?rest_route=%2Fwp%2Fv2%2Fmedia&parent=983"}],"curies":[{"name":"wp","href":"https:\/\/api.w.org\/{rel}","templated":true}]}}